{"id":631,"date":"2020-04-24T09:26:48","date_gmt":"2020-04-24T07:26:48","guid":{"rendered":"http:\/\/amediane.fr\/?page_id=631"},"modified":"2025-01-20T15:30:11","modified_gmt":"2025-01-20T14:30:11","slug":"contact","status":"publish","type":"page","link":"https:\/\/amediane.fr\/?page_id=631","title":{"rendered":"CONTACT"},"content":{"rendered":"\n<p class=\"has-vivid-cyan-blue-color has-text-color has-medium-font-size\"><strong>Anne LAMBOURG<\/strong> <\/p>\n\n\n\n<p>Psychologue du travail,  m\u00e9diatrice, formatrice (communication, d\u00e9veloppement personnel et relationnel) et psychoth\u00e9rapeute<\/p>\n\n\n\n<p class=\"has-vivid-cyan-blue-color has-text-color\"><a href=\"http:\/\/07.82.78.10.01\">07.82.78.10.01<\/a> &#8211; <a href=\"mailto:anne.robertlambourg@gmail.com\">anne.amediane@gmail.com<\/a> &#8211; <a href=\"http:\/\/www.linkedin.com\/in\/AnneRobertLambourg\">www.linkedin.com\/in\/AnneLambourg<\/a>  <\/p>\n\n\n\n<p class=\"has-very-dark-gray-color has-text-color\"><strong>Particuliers<\/strong> :  Soutien psychologique, th\u00e9rapie, m\u00e9diation ou coaching au&nbsp;<a href=\"https:\/\/maps.google.com\/?q=49+rue+de+la+Gourmette+-+44300+Nantes&amp;entry=gmail&amp;source=g\">49 rue de la Gourmette, 44300 Nantes<\/a>&nbsp;: Tram ligne 3, arr\u00eat Sainte Th\u00e9r\u00e8se ou Rond point de Vannes (5 minutes \u00e0 pied). Stationnement gratuit. Bus \u00e0 proximit\u00e9 10,12 et 26.<\/p>\n\n\n\n<p><strong>Organisations <\/strong>:  Prestations RPS-QVT-RSE : Soutien psychologique (individuel ou collectif), m\u00e9diation professionnelle (r\u00e9solution de conflit et facilitation relationnelle), formation et coaching pour dirigeants, DRH, managers, collaborateurs et\/ou \u00e9quipes de tous secteurs d&rsquo;activit\u00e9s, au&nbsp;sein de votre structure ou en externe, \u00e0 d\u00e9finir selon les situations.<\/p>\n\n\n\n<p><strong>N\u00b0 ADELI de psychologue et psychoth\u00e9rapeute<\/strong> : 449307305 du r\u00e9pertoire national des professionnels de sant\u00e9 r\u00e9glement\u00e9 par les Agences R\u00e9gionales de Sant\u00e9<\/p>\n\n\n\n<p><\/p>\n\n\n\n<p><br> <\/p>\n","protected":false},"excerpt":{"rendered":"<p>Anne LAMBOURG Psychologue du travail, m\u00e9diatrice, formatrice (communication, d\u00e9veloppement personnel et relationnel) et psychoth\u00e9rapeute 07.82.78.10.01 &#8211; anne.amediane@gmail.com &#8211; www.linkedin.com\/in\/AnneLambourg Particuliers : Soutien psychologique, th\u00e9rapie, m\u00e9diation ou coaching au&nbsp;49 rue de la Gourmette, 44300 Nantes&nbsp;: Tram ligne 3, arr\u00eat Sainte Th\u00e9r\u00e8se ou Rond point de Vannes (5 minutes \u00e0 pied). Stationnement gratuit. Bus \u00e0 proximit\u00e9 10,12 &hellip; <\/p>\n<p class=\"link-more\"><a href=\"https:\/\/amediane.fr\/?page_id=631\" class=\"more-link\">Continuer la lecture<span class=\"screen-reader-text\"> de &laquo;&nbsp;CONTACT&nbsp;&raquo;<\/span><\/a><\/p>\n","protected":false},"author":1,"featured_media":636,"parent":0,"menu_order":0,"comment_status":"closed","ping_status":"closed","template":"","meta":{"footnotes":""},"class_list":["post-631","page","type-page","status-publish","has-post-thumbnail","hentry"],"_links":{"self":[{"href":"https:\/\/amediane.fr\/index.php?rest_route=\/wp\/v2\/pages\/631","targetHints":{"allow":["GET"]}}],"collection":[{"href":"https:\/\/amediane.fr\/index.php?rest_route=\/wp\/v2\/pages"}],"about":[{"href":"https:\/\/amediane.fr\/index.php?rest_route=\/wp\/v2\/types\/page"}],"author":[{"embeddable":true,"href":"https:\/\/amediane.fr\/index.php?rest_route=\/wp\/v2\/users\/1"}],"replies":[{"embeddable":true,"href":"https:\/\/amediane.fr\/index.php?rest_route=%2Fwp%2Fv2%2Fcomments&post=631"}],"version-history":[{"count":14,"href":"https:\/\/amediane.fr\/index.php?rest_route=\/wp\/v2\/pages\/631\/revisions"}],"predecessor-version":[{"id":791,"href":"https:\/\/amediane.fr\/index.php?rest_route=\/wp\/v2\/pages\/631\/revisions\/791"}],"wp:featuredmedia":[{"embeddable":true,"href":"https:\/\/amediane.fr\/index.php?rest_route=\/wp\/v2\/media\/636"}],"wp:attachment":[{"href":"https:\/\/amediane.fr\/index.php?rest_route=%2Fwp%2Fv2%2Fmedia&parent=631"}],"curies":[{"name":"wp","href":"https:\/\/api.w.org\/{rel}","templated":true}]}}