{"id":51,"date":"2020-03-22T16:40:54","date_gmt":"2020-03-22T15:40:54","guid":{"rendered":"http:\/\/amediane.fr\/?page_id=51"},"modified":"2020-05-05T00:24:34","modified_gmt":"2020-05-04T22:24:34","slug":"les-psys","status":"publish","type":"page","link":"https:\/\/amediane.fr\/?page_id=51","title":{"rendered":"LES PSYS"},"content":{"rendered":"\n<blockquote class=\"wp-block-quote is-layout-flow wp-block-quote-is-layout-flow\"><p><strong>On nous demande souvent \u00e0 nous les \u00ab&nbsp;psys&nbsp;\u00bb quelles sont nos diff\u00e9rences, singularit\u00e9s et compl\u00e9mentarit\u00e9s. <\/strong>Evidemment nous avons \u00e9galement tous notre personnalit\u00e9, notre approche, notre technicit\u00e9, notre exp\u00e9rience qui nous rend unique et rendra la relation th\u00e9rapeutique unique. <\/p><\/blockquote>\n\n\n\n<p><strong>Quelques rep\u00e8res dans ces disciplines&nbsp;:<\/strong><\/p>\n\n\n\n<p class=\"has-background has-pale-cyan-blue-background-color\"><strong>Psychologue<\/strong><\/p>\n\n\n\n<p>Un psychologue est un professionnel qui a suivi 5 ann\u00e9es d\u2019\u00e9tudes dans une universit\u00e9 enseignant la psychologie dont les grandes disciplines sont la psychologie du d\u00e9veloppement, la psychologie clinique et psychopathologie, la psychologie cognitive et la psychologie sociale. Son cursus comprend \u00e9galement des enseignements importants en \u00e9pist\u00e9mologie, psychophysiologie, pharmacologie, psychom\u00e9trie et statistique.&nbsp;Le dipl\u00f4me de psychologue am\u00e8ne \u00e0 travers, et au sein m\u00eame, de la sp\u00e9cialit\u00e9 choisie pour les deux derni\u00e8res ann\u00e9es \u00e0 des m\u00e9tiers qui peuvent \u00eatre tr\u00e8s diff\u00e9rents dans leur exercice.&nbsp;<\/p>\n\n\n\n<p>Le <strong><a href=\"http:\/\/www.cncdp.fr\/index.php\/code-de-deontologie\">code de d\u00e9ontologie<\/a><\/strong>&nbsp;qui rassemble la profession<\/p>\n\n\n\n<p class=\"has-background has-pale-cyan-blue-background-color\"><strong>Psychologue du travail<\/strong> \/ M\u00e9tier que j&rsquo;exerce<\/p>\n\n\n\n<p>Sp\u00e9cialis\u00e9 en psychologie sociale et du travail, ce psychologue a une connaissance du monde du travail et du syst\u00e8me des organisations plus approfondie avec, suivant son parcours, une connaissance et une exp\u00e9rience plus ou moins \u00e9tendue des m\u00e9tiers, du recrutement, de la pratique de bilans de comp\u00e9tence, de l\u2019orientation et de la reconversion professionnelle, de la gestion des comp\u00e9tences et de carri\u00e8re, de la formation professionnelle, de l\u2019adaptation de poste, des risques psychosociaux, du soutien psychologique, de la qualit\u00e9 de vie au travail, des orientations strat\u00e9giques en mati\u00e8re d\u2019organisation et de ressources humaines\u2026&nbsp;Fort de son \u00e9coute, son observation, son questionnement et son analyse et selon ses clients (entreprises, dirigeants, managers, collaborateurs, personne en recherche d\u2019un emploi\u2026) et leurs situations, il est amen\u00e9 \u00e0 diagnostiquer, accompagner, pr\u00e9coniser et\/ou conseiller.<\/p>\n\n\n\n<p class=\"has-background has-pale-cyan-blue-background-color\"><strong>Psychoth\u00e9rapeute<\/strong> \/ M\u00e9tier que j&rsquo;exerce<\/p>\n\n\n\n<p>Un Psychoth\u00e9rapeute est m\u00e9decin psychiatre ou titulaire d&rsquo;un master 2 en psychologie ou exerce au titre de la reconnaissance de son exp\u00e9rience professionnelle, acquise avant l&rsquo;encadrement du titre en 2010.\u00a0Le psychoth\u00e9rapeute, \u00e0 travers le lien de s\u00e9curit\u00e9 et de confiance qu\u2019il cr\u00e9e avec la personne qu\u2019il re\u00e7oit, apporte un soutien psychologique et accompagne par son \u00e9coute et son questionnement, la prise de conscience et la recherche de solution. Selon sa formation et son approche, les techniques peuvent \u00eatre tr\u00e8s vari\u00e9es mais visent toutes un mieux-\u00eatre, un retour \u00e0 l\u2019\u00e9quilibre.<\/p>\n\n\n\n<p class=\"has-background has-pale-cyan-blue-background-color\"><strong>Psychiatre<\/strong><\/p>\n\n\n\n<p class=\"has-normal-font-size\">Un psychiatre est un m\u00e9decin sp\u00e9cialis\u00e9 en sant\u00e9 mentale. Il diagnostique, traite et tente de pr\u00e9venir la souffrance psychique et les maladies mentales. Il peut proposer au patient un traitement m\u00e9dicamenteux ou une hospitalisation. Le m\u00e9decin psychiatre est un sp\u00e9cialiste de la prescription des m\u00e9dicaments psychotropes, et il a acc\u00e8s \u00e0 la prescription d&rsquo;examens compl\u00e9mentaires (IRM, prise de sang), d&rsquo;arr\u00eats de travail ou de certificats, <strong>contrairement au psychologue<\/strong>, qui n&rsquo;est pas m\u00e9decin. D&rsquo;autres m\u00e9decins peuvent prescrire des psychotropes, sans avoir n\u00e9cessairement de formation sp\u00e9cifique.&nbsp;<strong>Tout comme le psychologue<\/strong>, le psychiatre peut pratiquer la psychoth\u00e9rapie selon diverses m\u00e9thodes et selon sa formation \/  <em>Source wikipedia janvier 2018 <\/em><\/p>\n\n\n\n<p class=\"has-background has-pale-cyan-blue-background-color\"><strong>Psychanalyste<\/strong><\/p>\n\n\n\n<p>Un psychanalyste est un professionnel form\u00e9 sur le plan th\u00e9orique et pratique \u00e0 mener des cures psychanalytiques. La pratique de psychanalyste est fond\u00e9e sur la reconnaissance d&rsquo;une formation th\u00e9orique et clinique, au sein d&rsquo;une \u00e9cole de psychanalyse, \u00e0 laquelle le psychanalyste reste en r\u00e8gle g\u00e9n\u00e9rale affili\u00e9 au-del\u00e0 de sa formation. Le titre de psychanalyste n&rsquo;est pas un titre prot\u00e9g\u00e9, toutefois, avoir soi-m\u00eame fait une cure psychanalytique est le pr\u00e9requis essentiel pour commencer une formation dans le cadre d&rsquo;une association psychanalytique \/  <em>Source wikipedia janvier 2018 <\/em><\/p>\n\n\n\n<p class=\"has-background has-pale-cyan-blue-background-color\"><strong>Psychopraticien ou th\u00e9rapeute<\/strong><\/p>\n\n\n\n<p>Comme le psychoth\u00e9rapeute et le psychanalyste, il\naccompagne les personnes dans leur n\u00e9cessit\u00e9 ou souhait de changement vers un\nmieux-\u00eatre. Selon sa formation et son approche, les techniques sont tout aussi\nvari\u00e9es et peuvent \u00eatre identiques \u00e0 celles d\u2019un psychoth\u00e9rapeute. Ces titres\nne sont pas r\u00e9glement\u00e9s.<\/p>\n","protected":false},"excerpt":{"rendered":"<p>On nous demande souvent \u00e0 nous les \u00ab&nbsp;psys&nbsp;\u00bb quelles sont nos diff\u00e9rences, singularit\u00e9s et compl\u00e9mentarit\u00e9s. Evidemment nous avons \u00e9galement tous notre personnalit\u00e9, notre approche, notre technicit\u00e9, notre exp\u00e9rience qui nous rend unique et rendra la relation th\u00e9rapeutique unique. Quelques rep\u00e8res dans ces disciplines&nbsp;: Psychologue Un psychologue est un professionnel qui a suivi 5 ann\u00e9es d\u2019\u00e9tudes &hellip; <\/p>\n<p class=\"link-more\"><a href=\"https:\/\/amediane.fr\/?page_id=51\" class=\"more-link\">Continuer la lecture<span class=\"screen-reader-text\"> de &laquo;&nbsp;LES PSYS&nbsp;&raquo;<\/span><\/a><\/p>\n","protected":false},"author":1,"featured_media":567,"parent":0,"menu_order":0,"comment_status":"closed","ping_status":"closed","template":"","meta":{"footnotes":""},"class_list":["post-51","page","type-page","status-publish","has-post-thumbnail","hentry"],"_links":{"self":[{"href":"https:\/\/amediane.fr\/index.php?rest_route=\/wp\/v2\/pages\/51","targetHints":{"allow":["GET"]}}],"collection":[{"href":"https:\/\/amediane.fr\/index.php?rest_route=\/wp\/v2\/pages"}],"about":[{"href":"https:\/\/amediane.fr\/index.php?rest_route=\/wp\/v2\/types\/page"}],"author":[{"embeddable":true,"href":"https:\/\/amediane.fr\/index.php?rest_route=\/wp\/v2\/users\/1"}],"replies":[{"embeddable":true,"href":"https:\/\/amediane.fr\/index.php?rest_route=%2Fwp%2Fv2%2Fcomments&post=51"}],"version-history":[{"count":11,"href":"https:\/\/amediane.fr\/index.php?rest_route=\/wp\/v2\/pages\/51\/revisions"}],"predecessor-version":[{"id":734,"href":"https:\/\/amediane.fr\/index.php?rest_route=\/wp\/v2\/pages\/51\/revisions\/734"}],"wp:featuredmedia":[{"embeddable":true,"href":"https:\/\/amediane.fr\/index.php?rest_route=\/wp\/v2\/media\/567"}],"wp:attachment":[{"href":"https:\/\/amediane.fr\/index.php?rest_route=%2Fwp%2Fv2%2Fmedia&parent=51"}],"curies":[{"name":"wp","href":"https:\/\/api.w.org\/{rel}","templated":true}]}}