{"id":37,"date":"2020-03-13T14:59:03","date_gmt":"2020-03-13T13:59:03","guid":{"rendered":"http:\/\/amediane.fr\/?page_id=37"},"modified":"2025-01-20T16:24:29","modified_gmt":"2025-01-20T15:24:29","slug":"a-propos-de-anne","status":"publish","type":"page","link":"https:\/\/amediane.fr\/?page_id=37","title":{"rendered":"A PROPOS DE ANNE"},"content":{"rendered":"\n<blockquote class=\"wp-block-quote has-text-align-center is-layout-flow wp-block-quote-is-layout-flow\">\n<p>\u00ab\u00a0Le corps respire, l&rsquo;esprit inspire\u00a0\u00bb<\/p>\n<\/blockquote>\n\n\n\n<p><strong>Les relations humaines forment le c\u0153ur de mon m\u00e9tier<\/strong>. Psychologue du travail,  psychoth\u00e9rapeute, m\u00e9diatrice et formatrice, j\u2019accompagne les personnes et les collectifs \u00e0 retrouver \u00e9quilibre, \u00e9nergie et souplesse dans la relation \u00e0 soi, aux autres et au monde. <\/p>\n\n\n\n<p class=\"has-pale-cyan-blue-background-color has-background\"><strong>PRATIQUE\nPROFESSIONNELLE<\/strong><\/p>\n\n\n\n<p><strong>Psychologue <\/strong>(DEA Psychologie, cognition et communication) et <strong>Psychoth\u00e9rapeute<\/strong>, je suis \u00e9galement dipl\u00f4m\u00e9e&nbsp;en <strong>M\u00e9diation <\/strong>et&nbsp;<strong>Sciences de l&rsquo;Education<\/strong>. Vous pouvez d\u00e9couvrir mon parcours&nbsp;professionnel, mes formations et comp\u00e9tences&nbsp;<a href=\"https:\/\/fr.linkedin.com\/in\/annerobertlambourg\">ici<\/a>.&nbsp;<\/p>\n\n\n\n<p>Form\u00e9e \u00e0 l\u2019hypnose, \u00e0 la Programmation Neuro-linguistique (PNL), aux pratiques narratives et aux th\u00e9rapies br\u00e8ves, orient\u00e9es solution, strat\u00e9giques et syst\u00e9miques, ma posture est empreinte de ces principes et des valeurs d\u2019authenticit\u00e9, d\u2019implication et d\u2019optimisme.<\/p>\n\n\n\n<p class=\"has-pale-cyan-blue-background-color has-background\"><strong>APPROCHE ISO<\/strong><\/p>\n\n\n\n<p class=\"has-vivid-cyan-blue-color has-text-color\"><strong>INTEGRATIVE<\/strong> parce que je m\u2019inspire de&nbsp;: <\/p>\n\n\n\n<ul class=\"wp-block-list\">\n<li>La diversit\u00e9 des \u00e9clairages th\u00e9oriques en philosophie, psychologie et neurosciences pour appr\u00e9hender le fonctionnement humain et ses modes de relation.<\/li>\n\n\n\n<li>Des modes de communication et techniques qui en \u00e9manent en particulier ceux de la Programmation Neurolinguistique (PNL), des pratiques narratives, de l\u2019hypnose Ericksonnienne, de l&rsquo;EMDR, du brainspotting, de la m\u00e9ditation de pleine conscience, de la communication non violente\u2026 <\/li>\n\n\n\n<li>Cette esp\u00e9rance d\u2019\u00eatre et de se sentir entier, unique, complet, int\u00e9gr\u00e9, corps et \u00e2me.<\/li>\n<\/ul>\n\n\n\n<p class=\"has-vivid-cyan-blue-color has-text-color\"><strong>SYST\u00c9MIQUE<\/strong> parce que je con\u00e7ois que :<\/p>\n\n\n\n<ul class=\"wp-block-list\">\n<li>La personne est en perp\u00e9tuelle interrelation avec son environnement et les personnes alentours. L\u2019individu seul n\u2019existe pas. Il est \u00e0 \u00e9couter dans son histoire, sa repr\u00e9sentation du monde et \u00e0 travers les liens relationnels qu\u2019il a tiss\u00e9s ou qu\u2019il n\u2019a pas tiss\u00e9s.<\/li>\n\n\n\n<li>Le sympt\u00f4me, le probl\u00e8me ou le projet, qui am\u00e8ne la personne \u00e0 \u00eatre accompagn\u00e9, est une r\u00e9alit\u00e9 positive \u00e0 accueillir dans son contexte. Faire \u00e9voluer ce sympt\u00f4me, ce probl\u00e8me ou ce projet aura par cons\u00e9quent un impact in\u00e9luctable dans le syst\u00e8me relationnel que l&rsquo;on doit prendre en compte.<\/li>\n\n\n\n<li>Les causes d\u2019un sympt\u00f4me, probl\u00e8me ou projet sont circulaires et multifactorielles.<\/li>\n<\/ul>\n\n\n\n<p class=\"has-vivid-cyan-blue-color has-text-color\"><strong>ORIENT\u00c9E SOLUTION<\/strong> parce que&nbsp;je cr\u00e9e&nbsp;:<\/p>\n\n\n\n<ul class=\"wp-block-list\">\n<li>Un espace du comment je me sens ici et maintenant et comment faire pour aller mieux d\u00e8s maintenant.<\/li>\n\n\n\n<li>Un accompagnement inductif et intuitif, qui s\u2019adapte \u00e0 la singularit\u00e9 des personnes que je rencontre dans le respect du cadre dans lequel je les accueille.<\/li>\n\n\n\n<li>Dans un esprit de bienveillance, de coop\u00e9ration et d\u2019efficience. <\/li>\n<\/ul>\n","protected":false},"excerpt":{"rendered":"<p>\u00ab\u00a0Le corps respire, l&rsquo;esprit inspire\u00a0\u00bb Les relations humaines forment le c\u0153ur de mon m\u00e9tier. Psychologue du travail, psychoth\u00e9rapeute, m\u00e9diatrice et formatrice, j\u2019accompagne les personnes et les collectifs \u00e0 retrouver \u00e9quilibre, \u00e9nergie et souplesse dans la relation \u00e0 soi, aux autres et au monde. PRATIQUE PROFESSIONNELLE Psychologue (DEA Psychologie, cognition et communication) et Psychoth\u00e9rapeute, je suis &hellip; <\/p>\n<p class=\"link-more\"><a href=\"https:\/\/amediane.fr\/?page_id=37\" class=\"more-link\">Continuer la lecture<span class=\"screen-reader-text\"> de &laquo;&nbsp;A PROPOS DE ANNE&nbsp;&raquo;<\/span><\/a><\/p>\n","protected":false},"author":1,"featured_media":561,"parent":0,"menu_order":0,"comment_status":"closed","ping_status":"closed","template":"","meta":{"footnotes":""},"class_list":["post-37","page","type-page","status-publish","has-post-thumbnail","hentry"],"_links":{"self":[{"href":"https:\/\/amediane.fr\/index.php?rest_route=\/wp\/v2\/pages\/37","targetHints":{"allow":["GET"]}}],"collection":[{"href":"https:\/\/amediane.fr\/index.php?rest_route=\/wp\/v2\/pages"}],"about":[{"href":"https:\/\/amediane.fr\/index.php?rest_route=\/wp\/v2\/types\/page"}],"author":[{"embeddable":true,"href":"https:\/\/amediane.fr\/index.php?rest_route=\/wp\/v2\/users\/1"}],"replies":[{"embeddable":true,"href":"https:\/\/amediane.fr\/index.php?rest_route=%2Fwp%2Fv2%2Fcomments&post=37"}],"version-history":[{"count":16,"href":"https:\/\/amediane.fr\/index.php?rest_route=\/wp\/v2\/pages\/37\/revisions"}],"predecessor-version":[{"id":810,"href":"https:\/\/amediane.fr\/index.php?rest_route=\/wp\/v2\/pages\/37\/revisions\/810"}],"wp:featuredmedia":[{"embeddable":true,"href":"https:\/\/amediane.fr\/index.php?rest_route=\/wp\/v2\/media\/561"}],"wp:attachment":[{"href":"https:\/\/amediane.fr\/index.php?rest_route=%2Fwp%2Fv2%2Fmedia&parent=37"}],"curies":[{"name":"wp","href":"https:\/\/api.w.org\/{rel}","templated":true}]}}