{"id":143,"date":"2020-03-26T15:33:37","date_gmt":"2020-03-26T14:33:37","guid":{"rendered":"http:\/\/amediane.fr\/?page_id=143"},"modified":"2025-01-20T15:54:01","modified_gmt":"2025-01-20T14:54:01","slug":"soutien-psychologique","status":"publish","type":"page","link":"https:\/\/amediane.fr\/?page_id=143","title":{"rendered":"SOUTIEN PSYCHOLOGIQUE"},"content":{"rendered":"\n<p class=\"has-vivid-cyan-blue-color has-text-color\"><\/p>\n\n\n\n<blockquote class=\"wp-block-quote is-layout-flow wp-block-quote-is-layout-flow\">\n<p>Il ne s\u2019agit pas d\u2019une th\u00e9rapie. C&rsquo;est l&rsquo;opportunit\u00e9 d&rsquo;une \u00e9coute active et sans jugement qui am\u00e8ne \u00e0 percevoir la situation d&rsquo;une autre mani\u00e8re, se sentir plus calme dans son corps et plus tranquille dans son esprit et obtenir des conseils pragmatiques selon le diagnostic du psychologue.  Le soutien psychologique apporte une aide pr\u00e9cieuse pour traverser l\u2019\u00e9preuve et  la souffrance.<\/p>\n<\/blockquote>\n\n\n\n<p>Rencontrer un psychologue du travail en consultation comme en t\u00e9l\u00e9consultation est utile pour accueillir et exprimer ses pens\u00e9es, \u00e9motions et sensations, notamment ses ruminations, ses peurs, ses col\u00e8res, sa souffrance morale et parfois m\u00eame physique. Cet entretien permet aussi de poser des questions, r\u00e9fl\u00e9chir sur la situation et ouvrir des perspectives dans lequel on se sent de nouveau acteur et dot\u00e9 de ressources.<\/p>\n\n\n\n<p> Quelle est la diff\u00e9rence avec la <a href=\"http:\/\/amediane.fr\/?page_id=63\"><strong>th\u00e9rapie<\/strong><\/a> ?<\/p>\n\n\n\n<p class=\"has-pale-cyan-blue-background-color has-background\"><strong>AU SEIN DES ORGANISATIONS<\/strong><\/p>\n\n\n\n<p><strong>Le soutien psychologique individuel ou collectif est une intervention s\u00e9curisante qui entre dans le cadre de la pr\u00e9vention et de la prise en charge des risques psychosociaux. <\/strong><\/p>\n\n\n\n<p><strong>En pr\u00e9vention pour accompagner les situations de changement. En prise en charge, dans le cas de mal \u00eatre au travail, de stress et\/ou de souffrance voire de d\u00e9tresse psychologique, pour faire face \u00e0 une difficult\u00e9 passag\u00e8re ou un traumatisme.<\/strong> Cf. la rubrique contextes d&rsquo;intervention.<\/p>\n\n\n\n<p>L&rsquo;accompagnement par un psychologue du travail, en tant que tiers de l&rsquo;organisation, permet aux collaborateurs, managers et dirigeants de b\u00e9n\u00e9ficier d&rsquo;une \u00e9coute personnalis\u00e9e dans une totale <strong>confidentialit\u00e9<\/strong>.&nbsp;Cette triangulation avec le psychologue permet de sortir du cercle infernal des ruminations et conflits intra ou interpersonnels.<\/p>\n\n\n\n<p class=\"has-pale-cyan-blue-background-color has-background\"><strong>Le psychologue du travail<\/strong> cr\u00e9e <strong>un espace et une relation de s\u00e9curit\u00e9 et de libert\u00e9<\/strong> qui permet de :<\/p>\n\n\n\n<ul class=\"wp-block-list\">\n<li>Lib\u00e9rer la parole en \u00e9tant entendu, compris, cru, reconnu et soutenu par rapport \u00e0 la situation de souffrance ou la situation \u00e0 risque <\/li>\n\n\n\n<li>Contextualiser la situation dans une approche syst\u00e9mique \u00e0 travers le v\u00e9cu de la fonction, de la place dans l&rsquo;organisation, des relations professionnelles, des modes d\u2019organisation et de communication, des conditions de travail et de l&rsquo;ensemble des facteurs d\u00e9clencheurs du changement <\/li>\n\n\n\n<li><span style=\"font-size: 1rem;\">Faire un pas de c\u00f4t\u00e9 pour observer la situation sous un autre angle et se reconnecter \u00e0 ses capacit\u00e9s<\/span><\/li>\n\n\n\n<li>Favoriser ainsi la lib\u00e9ration du stress, de l\u2019anxi\u00e9t\u00e9, du mal \u00eatre ou tout autre \u00e9tat inconfortable g\u00e9n\u00e9r\u00e9 par le v\u00e9cu de la situation individuelle ou collective<\/li>\n\n\n\n<li>Faire rechercher des solutions par la personne\/l&rsquo;\u00e9quipe \u00e0 partir d\u2019un objectif pr\u00e9d\u00e9termin\u00e9 \u00e0 partir des ressources dont la personne\/l\u2019\u00e9quipe dispose et qui auront pu \u00eatre \u00e9clair\u00e9es par cette intervention.<\/li>\n<\/ul>\n\n\n\n<p class=\"has-pale-cyan-blue-background-color has-background\"><strong>Contexte\nd&rsquo;interventions habituels<\/strong><\/p>\n\n\n\n<ul class=\"wp-block-list\">\n<li>Changements au sein de l&rsquo;organisation\u00a0: r\u00e9organisation, d\u00e9m\u00e9nagement,  fermeture de site, difficult\u00e9s financi\u00e8res de l&rsquo;entreprise, changement de strat\u00e9gie, de politique manag\u00e9riale, de moyens de production, de membres de l&rsquo;\u00e9quipe dirigeante, manag\u00e9riale et\/ou de collaborateurs\u2026 <\/li>\n\n\n\n<li>Toute situation de mal \u00eatre et\/ou de souffrance au travail voire de d\u00e9tresse<\/li>\n\n\n\n<li><span style=\"font-size: 1rem;\">Traumatismes psychologiques\u00a0: conflit majeur, agression, harc\u00e8lement moral et\/ou sexuel, violence interne et externe, accident ou suicide au travail<\/span><\/li>\n\n\n\n<li>Inad\u00e9quation entre objectif de travail (charge, d\u00e9lai, r\u00e9sultats quantitatifs et qualitatifs attendus\u2026), moyens allou\u00e9s (organisation, condition d\u2019exercice, syst\u00e8me de communication\u2026) et ressources personnelles et relationnelles entra\u00eenant\u00a0potentiellement : stress, hyperstress, \u00e9puisement professionnel (flame out, burn in, burn out, bore out et brown out)\u2026<\/li>\n<\/ul>\n\n\n\n<p class=\"has-pale-cyan-blue-background-color has-background\"><strong>Finalit\u00e9 du\nsoutien psychologique<\/strong><\/p>\n\n\n\n<ul class=\"wp-block-list\">\n<li>Prendre en charge la situation le plus en amont possible avant qu\u2019elle ne d\u00e9g\u00e9n\u00e8re pour la personne\/l\u2019\u00e9quipe et l\u2019organisation (agressivit\u00e9, isolement, d\u00e9sengagement, \u00e9puisement, accident du travail, arr\u00eat de travail, suicide\u2026)<\/li>\n\n\n\n<li>Permettre \u00e0 la personne\/l\u2019\u00e9quipe de trouver des solutions \u00e9cologiques et durables et retrouver un \u00e9quilibre au travail<\/li>\n\n\n\n<li>Participer \u00e0 la qualit\u00e9 de vie au travail dans l\u2019entreprise<\/li>\n<\/ul>\n\n\n\n<p class=\"has-pale-cyan-blue-background-color has-background\"><strong>Conditions\nd\u2019intervention<\/strong><\/p>\n\n\n\n<p>La personne concern\u00e9e peut solliciter d\u2019elle-m\u00eame un\nsoutien psychologique ou se le voir proposer par un coll\u00e8gue, un manager, le\nservice des ressources humaines, les instances repr\u00e9sentatives du personnel\n(IRP) ou bien le service m\u00e9dical.&nbsp;Cependant, la personne ou l\u2019\u00e9quipe doit\n\u00eatre&nbsp;<strong>volontaire<\/strong>&nbsp;dans le processus de soutien psychologique.<\/p>\n\n\n\n<p>Les modalit\u00e9s d\u2019intervention sont \u00e0 d\u00e9finir avec\nl\u2019organisation en amont. Il peut \u00e9ventuellement y avoir une premi\u00e8re prise de\ncontact t\u00e9l\u00e9phonique puis un ou plusieurs entretien(s) en face \u00e0 face dans un\nlieu neutre et \u00e0 l\u2019\u00e9cart ou en dehors de l\u2019organisation. Il existe une&nbsp;<strong>confidentialit\u00e9<\/strong>&nbsp;absolue\ndes propos tenus.<\/p>\n\n\n\n<p>Dans certaines situations, un travail collaboratif\navec le m\u00e9decin du travail et les \u00e9quipes de sant\u00e9 au travail peut \u00eatre\nsouhaitable.<\/p>\n\n\n\n<p>Dans les situations de conflits relationnels, la <a href=\"http:\/\/amediane.fr\/?page_id=139\"><strong>m\u00e9diation<\/strong><\/a> peut \u00eatre une intervention compl\u00e9mentaire ou suppl\u00e9ante.<\/p>\n\n\n\n<p><a href=\"http:\/\/www.inrs.fr\/risques\/psychosociaux\/ce-qu-il-faut-retenir.html\">Risques psychosociaux : ce qu&rsquo;il faut retenir<\/a><\/p>\n","protected":false},"excerpt":{"rendered":"<p>Il ne s\u2019agit pas d\u2019une th\u00e9rapie. C&rsquo;est l&rsquo;opportunit\u00e9 d&rsquo;une \u00e9coute active et sans jugement qui am\u00e8ne \u00e0 percevoir la situation d&rsquo;une autre mani\u00e8re, se sentir plus calme dans son corps et plus tranquille dans son esprit et obtenir des conseils pragmatiques selon le diagnostic du psychologue. Le soutien psychologique apporte une aide pr\u00e9cieuse pour traverser &hellip; <\/p>\n<p class=\"link-more\"><a href=\"https:\/\/amediane.fr\/?page_id=143\" class=\"more-link\">Continuer la lecture<span class=\"screen-reader-text\"> de &laquo;&nbsp;SOUTIEN PSYCHOLOGIQUE&nbsp;&raquo;<\/span><\/a><\/p>\n","protected":false},"author":1,"featured_media":0,"parent":0,"menu_order":0,"comment_status":"closed","ping_status":"closed","template":"","meta":{"footnotes":""},"class_list":["post-143","page","type-page","status-publish","hentry"],"_links":{"self":[{"href":"https:\/\/amediane.fr\/index.php?rest_route=\/wp\/v2\/pages\/143","targetHints":{"allow":["GET"]}}],"collection":[{"href":"https:\/\/amediane.fr\/index.php?rest_route=\/wp\/v2\/pages"}],"about":[{"href":"https:\/\/amediane.fr\/index.php?rest_route=\/wp\/v2\/types\/page"}],"author":[{"embeddable":true,"href":"https:\/\/amediane.fr\/index.php?rest_route=\/wp\/v2\/users\/1"}],"replies":[{"embeddable":true,"href":"https:\/\/amediane.fr\/index.php?rest_route=%2Fwp%2Fv2%2Fcomments&post=143"}],"version-history":[{"count":19,"href":"https:\/\/amediane.fr\/index.php?rest_route=\/wp\/v2\/pages\/143\/revisions"}],"predecessor-version":[{"id":798,"href":"https:\/\/amediane.fr\/index.php?rest_route=\/wp\/v2\/pages\/143\/revisions\/798"}],"wp:attachment":[{"href":"https:\/\/amediane.fr\/index.php?rest_route=%2Fwp%2Fv2%2Fmedia&parent=143"}],"curies":[{"name":"wp","href":"https:\/\/api.w.org\/{rel}","templated":true}]}}